{"id":5245,"date":"2021-02-15T14:13:29","date_gmt":"2021-02-15T13:13:29","guid":{"rendered":"https:\/\/lobetalarbeit.de\/helfen-spenden\/"},"modified":"2022-02-09T14:10:40","modified_gmt":"2022-02-09T13:10:40","slug":"helfen-spenden","status":"publish","type":"page","link":"https:\/\/lobetalarbeit.de\/ls-ls\/helfen-spenden\/","title":{"rendered":"Helfen &amp; Spenden"},"content":{"rendered":"<p>[et_pb_section fb_built=&#8221;1&#8243; fullwidth=&#8221;on&#8221; _builder_version=&#8221;4.7.7&#8243; _module_preset=&#8221;default&#8221; global_colors_info=&#8221;{}&#8221;][et_pb_fullwidth_header title=&#8221;Helfen &#038; Spenden&#8221; text_orientation=&#8221;center&#8221; _builder_version=&#8221;4.9.10&#8243; _module_preset=&#8221;default&#8221; title_font=&#8221;||||||||&#8221; title_font_size=&#8221;38px&#8221; background_image=&#8221;https:\/\/lobetalarbeit.de\/wp-content\/uploads\/2021\/01\/leitlinien_head.jpg&#8221; min_height=&#8221;290px&#8221; text_shadow_style=&#8221;preset3&#8243; global_colors_info=&#8221;{}&#8221; background_overlay_color__hover_enabled=&#8221;off|desktop&#8221;][\/et_pb_fullwidth_header][\/et_pb_section][et_pb_section fb_built=&#8221;1&#8243; _builder_version=&#8221;4.7.7&#8243; _module_preset=&#8221;default&#8221; global_colors_info=&#8221;{}&#8221;][et_pb_row _builder_version=&#8221;4.7.7&#8243; _module_preset=&#8221;default&#8221; global_colors_info=&#8221;{}&#8221;][et_pb_column type=&#8221;4_4&#8243; _builder_version=&#8221;4.7.7&#8243; _module_preset=&#8221;default&#8221; global_colors_info=&#8221;{}&#8221;][et_pb_text _builder_version=&#8221;4.9.4&#8243; _module_preset=&#8221;default&#8221; global_colors_info=&#8221;{}&#8221;]<\/p>\n<h2>Helfen &amp; Spenden<\/h2>\n<p>[\/et_pb_text][\/et_pb_column][\/et_pb_row][et_pb_row column_structure=&#8221;1_2,1_2&#8243; _builder_version=&#8221;4.7.7&#8243; _module_preset=&#8221;default&#8221; global_colors_info=&#8221;{}&#8221;][et_pb_column type=&#8221;1_2&#8243; _builder_version=&#8221;4.7.7&#8243; _module_preset=&#8221;default&#8221; global_colors_info=&#8221;{}&#8221;][et_pb_text _builder_version=&#8221;4.14.7&#8243; _module_preset=&#8221;default&#8221; custom_margin=&#8221;||||false|false&#8221; hover_enabled=&#8221;0&#8243; global_colors_info=&#8221;{}&#8221; sticky_enabled=&#8221;0&#8243;]<\/p>\n<p>Warum helfen?<\/p>\n<p>Warum spenden?<\/p>\n<p>&nbsp;<\/p>\n<p>Hier ist die Erkl\u00e4rung:<\/p>\n<p>Die Menschen,<\/p>\n<p>die in Lobetal wohnen,<\/p>\n<p>brauchen Hilfe.<\/p>\n<p>Im ganz normalen All-tag und<\/p>\n<p>wenn sie sch\u00f6ne Dinge machen m\u00f6chten.<\/p>\n<p>Zum Beispiel:<\/p>\n<ul>\n<li>Eis essen gehen<\/li>\n<li>in die Stadt fahren<\/li>\n<li>Sport machen<\/li>\n<li>einen Ausflug machen<\/li>\n<li>auf ein Konzert gehen<\/li>\n<\/ul>\n<p>&nbsp;<\/p>\n<p>&nbsp;<\/p>\n<p><strong>Auch Du kannst helfen!<\/strong><\/p>\n<p>Wie?<\/p>\n<p>Du kannst spenden.<\/p>\n<p>Das bedeutet:<\/p>\n<p>Du verschenkst etwas.<\/p>\n<p>Vielleicht verschenkst Du <strong>Deine Zeit<\/strong><\/p>\n<p>und schiebst eine Person im Roll-stuhl.<\/p>\n<p>Damit hilfst Du.<\/p>\n<p><strong>Du spendest Zeit.<\/strong><\/p>\n<p>Das nennt man <strong>Ehren-Amt<\/strong>.<\/p>\n<p>Du machst einen Menschen gl\u00fccklich.<\/p>\n<p>&nbsp;<\/p>\n<p>Oder Du verschenkst <strong>Geld<\/strong>.<\/p>\n<p>f\u00fcr Menschen, die wenig Geld haben.<\/p>\n<p>Mit diesem Geld,<\/p>\n<p>also <strong>Deiner Spende<\/strong>,<\/p>\n<p>hilfst Du Menschen in Lobetal.<\/p>\n<p>Sie k\u00f6nnen sch\u00f6ne Dinge erleben<\/p>\n<p>und sich W\u00fcnsche erf\u00fcllen.<\/p>\n<p>&nbsp;<\/p>\n<p>Wir in Lobetal brauchen<\/p>\n<p>Deine Hilfe, Deine Spende.<\/p>\n<p>Sie ist so wichtig und toll.<\/p>\n<p><strong>DANKE!!<\/strong><\/p>\n<p>[\/et_pb_text][\/et_pb_column][et_pb_column type=&#8221;1_2&#8243; _builder_version=&#8221;4.7.7&#8243; _module_preset=&#8221;default&#8221; global_colors_info=&#8221;{}&#8221;][et_pb_text _builder_version=&#8221;4.14.7&#8243; _module_preset=&#8221;default&#8221; custom_margin=&#8221;||||false|false&#8221; hover_enabled=&#8221;0&#8243; global_colors_info=&#8221;{}&#8221; sticky_enabled=&#8221;0&#8243;]<\/p>\n<p><strong>Du m\u00f6chtest Geld spenden?<\/strong><\/p>\n<p>Dann \u00fcberweise etwas auf ein Bankkonto.<\/p>\n<p>Zum Beispiel:<\/p>\n<p>&nbsp;<\/p>\n<ul>\n<li><span><strong>Sparkasse Celle-Gifhorn-Wolfsburg<br \/><\/strong><\/span><span>IBAN: DE47 2695 1311 0000 0715 06<\/span><\/li>\n<\/ul>\n<p>&nbsp;<\/p>\n<p>oder<\/p>\n<p>&nbsp;<\/p>\n<ul>\n<li><strong>Hannoversche Volksbank eG<br \/><\/strong><span><strong>KompetenzCenter Celle<\/strong><br \/><\/span>IBAN: DE85 2519 0001 0711 5016 00<\/li>\n<\/ul>\n<p>&nbsp;<\/p>\n<p>oder<\/p>\n<p>&nbsp;<\/p>\n<ul>\n<li><strong>Bank f\u00fcr Sozialwirtschaft GmbH Hannover<\/strong><br \/>IBAN: DE31 2512 0510 0004 4289 00<\/li>\n<\/ul>\n<p>&nbsp;<\/p>\n<p>oder<\/p>\n<p>&nbsp;<\/p>\n<ul>\n<li><strong>Bank f\u00fcr Kirche und Diakonie eG &#8211; KD-Bank<\/strong><br \/>IBAN: DE39 3506 0190 2100 2820 06<\/li>\n<\/ul>\n<p>[\/et_pb_text][\/et_pb_column][\/et_pb_row][\/et_pb_section]<\/p>\n","protected":false},"excerpt":{"rendered":"<p>Helfen &amp; SpendenWarum helfen? Warum spenden? &nbsp; Hier ist die Erkl\u00e4rung: Die Menschen, die in Lobetal wohnen, brauchen Hilfe. Im ganz normalen All-tag und wenn sie sch\u00f6ne Dinge machen m\u00f6chten. Zum Beispiel: Eis essen gehen in die Stadt fahren Sport machen einen Ausflug machen auf ein Konzert gehen &nbsp; &nbsp; Auch Du kannst helfen! Wie? [&hellip;]<\/p>\n","protected":false},"author":2,"featured_media":0,"parent":0,"menu_order":0,"comment_status":"closed","ping_status":"closed","template":"","meta":{"_et_pb_use_builder":"on","_et_pb_old_content":"","_et_gb_content_width":"","footnotes":""},"class_list":["post-5245","page","type-page","status-publish","hentry"],"_links":{"self":[{"href":"https:\/\/lobetalarbeit.de\/ls-ls\/wp-json\/wp\/v2\/pages\/5245","targetHints":{"allow":["GET"]}}],"collection":[{"href":"https:\/\/lobetalarbeit.de\/ls-ls\/wp-json\/wp\/v2\/pages"}],"about":[{"href":"https:\/\/lobetalarbeit.de\/ls-ls\/wp-json\/wp\/v2\/types\/page"}],"author":[{"embeddable":true,"href":"https:\/\/lobetalarbeit.de\/ls-ls\/wp-json\/wp\/v2\/users\/2"}],"replies":[{"embeddable":true,"href":"https:\/\/lobetalarbeit.de\/ls-ls\/wp-json\/wp\/v2\/comments?post=5245"}],"version-history":[{"count":4,"href":"https:\/\/lobetalarbeit.de\/ls-ls\/wp-json\/wp\/v2\/pages\/5245\/revisions"}],"predecessor-version":[{"id":5333,"href":"https:\/\/lobetalarbeit.de\/ls-ls\/wp-json\/wp\/v2\/pages\/5245\/revisions\/5333"}],"wp:attachment":[{"href":"https:\/\/lobetalarbeit.de\/ls-ls\/wp-json\/wp\/v2\/media?parent=5245"}],"curies":[{"name":"wp","href":"https:\/\/api.w.org\/{rel}","templated":true}]}}