{"id":7418,"date":"2021-02-18T15:21:17","date_gmt":"2021-02-18T14:21:17","guid":{"rendered":"https:\/\/lobetalarbeit.de\/?page_id=7418"},"modified":"2022-12-08T14:02:17","modified_gmt":"2022-12-08T13:02:17","slug":"wohnen-in-der-rostocker-strasse","status":"publish","type":"page","link":"https:\/\/lobetalarbeit.de\/ls-ls\/wohnen-in-lobetal\/wohnen-in-der-rostocker-strasse\/","title":{"rendered":"Wohnen in der Rostocker Stra\u00dfe"},"content":{"rendered":"<p>[et_pb_section fb_built=&#8221;1&#8243; fullwidth=&#8221;on&#8221; _builder_version=&#8221;4.16&#8243; _module_preset=&#8221;default&#8221; global_colors_info=&#8221;{}&#8221;][et_pb_fullwidth_header text_orientation=&#8221;center&#8221; _builder_version=&#8221;4.16&#8243; _module_preset=&#8221;default&#8221; title_font=&#8221;||||||||&#8221; title_font_size=&#8221;38px&#8221; background_image=&#8221;https:\/\/lobetalarbeit.de\/wp-content\/uploads\/2021\/01\/rostockerstrasse.jpg&#8221; min_height=&#8221;290px&#8221; text_shadow_style=&#8221;preset3&#8243; global_colors_info=&#8221;{}&#8221; background_overlay_color__hover_enabled=&#8221;off|desktop&#8221;][\/et_pb_fullwidth_header][\/et_pb_section][et_pb_section fb_built=&#8221;1&#8243; _builder_version=&#8221;4.16&#8243; _module_preset=&#8221;default&#8221; global_colors_info=&#8221;{}&#8221;][et_pb_row _builder_version=&#8221;4.16&#8243; _module_preset=&#8221;default&#8221; global_colors_info=&#8221;{}&#8221;][et_pb_column type=&#8221;4_4&#8243; _builder_version=&#8221;4.16&#8243; _module_preset=&#8221;default&#8221; global_colors_info=&#8221;{}&#8221;][et_pb_team_member name=&#8221;Simone Neumann &#8221; position=&#8221;Abteilungsleitung &#8221; image_url=&#8221;https:\/\/lobetalarbeit.de\/wp-content\/uploads\/2021\/09\/Fr.-Neumann_k.jpg&#8221; _builder_version=&#8221;4.16&#8243; _module_preset=&#8221;default&#8221; custom_css_main_element=&#8221;display: flex;&#8221; custom_css_member_image=&#8221;max-width: 150px;||margin-right: 15px;&#8221; border_radii_image=&#8221;on|50%|50%|50%|50%&#8221; global_colors_info=&#8221;{}&#8221;]Rostocker Stra\u00dfe 123<br \/>\n29225 Celle<\/p>\n<p>Tel. 05141 97443-29<br \/>\nMobil: 015161216799<br \/>\n<a href=\"mailto:s.neumann@lobetalarbeit.de\">s.neumann@lobetalarbeit.de<\/a><br \/>\n[\/et_pb_team_member][\/et_pb_column][\/et_pb_row][et_pb_row _builder_version=&#8221;4.16&#8243; _module_preset=&#8221;default&#8221; global_colors_info=&#8221;{}&#8221;][et_pb_column type=&#8221;4_4&#8243; _builder_version=&#8221;4.16&#8243; _module_preset=&#8221;default&#8221; global_colors_info=&#8221;{}&#8221;][et_pb_text _builder_version=&#8221;4.16&#8243; _module_preset=&#8221;default&#8221; global_colors_info=&#8221;{}&#8221;]<\/p>\n<h1>Wohnen in der Rostocker Stra\u00dfe <strong><br \/>\n<\/strong><\/h1>\n<p>[\/et_pb_text][\/et_pb_column][\/et_pb_row][et_pb_row column_structure=&#8221;1_2,1_2&#8243; _builder_version=&#8221;4.16&#8243; _module_preset=&#8221;default&#8221; global_colors_info=&#8221;{}&#8221;][et_pb_column type=&#8221;1_2&#8243; _builder_version=&#8221;4.16&#8243; _module_preset=&#8221;default&#8221; global_colors_info=&#8221;{}&#8221;][et_pb_text _builder_version=&#8221;4.18.1&#8243; _module_preset=&#8221;default&#8221; global_colors_info=&#8221;{}&#8221;]<\/p>\n<p>Das Wohn-haus in der Rostocker Stra\u00dfe<\/p>\n<p>ist in Celle im <strong>Stadt-teil Heese.<\/strong><\/p>\n<p><strong>\u00a0<\/strong>Im Haus leben 8 Personen,<\/p>\n<p>die Hilfe im Alltag brauchen.<\/p>\n<p>Es gibt drei kleine Wohn-gemein-schaften.<\/p>\n<p>Es ist alles barriere-frei.<\/p>\n<p>Internet-Zugang gibt es \u00fcber W-LAN.<\/p>\n<p>In der N\u00e4he der Rostocker-Stra\u00dfe<\/p>\n<p>ist der Lauen-stein-platz.<\/p>\n<p>Dort gibt es zum Beispiel:<\/p>\n<ul>\n<li>Kleine Gesch\u00e4fte<\/li>\n<li>ein Caf\u00e9, eine Eisdiele<\/li>\n<li>ein Restaurant<\/li>\n<li>einen Supermarkt<\/li>\n<li>eine Sparkasse<\/li>\n<li>eine Apotheke<\/li>\n<\/ul>\n<p>[\/et_pb_text][\/et_pb_column][et_pb_column type=&#8221;1_2&#8243; _builder_version=&#8221;4.16&#8243; _module_preset=&#8221;default&#8221; global_colors_info=&#8221;{}&#8221;][et_pb_image src=&#8221;https:\/\/lobetalarbeit.de\/wp-content\/uploads\/2021\/02\/DSC_0098.jpg&#8221; title_text=&#8221;DSC_0098&#8243; _builder_version=&#8221;4.16&#8243; _module_preset=&#8221;default&#8221; global_colors_info=&#8221;{}&#8221;][\/et_pb_image][et_pb_text _builder_version=&#8221;4.18.1&#8243; _module_preset=&#8221;default&#8221; global_colors_info=&#8221;{}&#8221;]<\/p>\n<p>Und mit dem Bus bist Du ganz schnell<\/p>\n<ul>\n<li>in der Innenstadt von Celle<\/li>\n<li>am Bahnhof<\/li>\n<li>oder beim Sportverein<\/li>\n<\/ul>\n<p>[\/et_pb_text][\/et_pb_column][\/et_pb_row][\/et_pb_section]<\/p>\n","protected":false},"excerpt":{"rendered":"<p>Rostocker Stra\u00dfe 123 29225 Celle Tel. 05141 97443-29 Mobil: 015161216799 s.neumann@lobetalarbeit.de Wohnen in der Rostocker Stra\u00dfe Das Wohn-haus in der Rostocker Stra\u00dfe ist in Celle im Stadt-teil Heese. \u00a0Im Haus leben 8 Personen, die Hilfe im Alltag brauchen. Es gibt drei kleine Wohn-gemein-schaften. Es ist alles barriere-frei. Internet-Zugang gibt es \u00fcber W-LAN. In der N\u00e4he [&hellip;]<\/p>\n","protected":false},"author":3,"featured_media":0,"parent":7469,"menu_order":0,"comment_status":"closed","ping_status":"closed","template":"","meta":{"_et_pb_use_builder":"on","_et_pb_old_content":"<p>[et_pb_section fb_built=\"1\" fullwidth=\"on\" _builder_version=\"4.7.7\" _module_preset=\"default\" global_colors_info=\"{}\"][et_pb_fullwidth_header text_orientation=\"center\" _builder_version=\"4.9.10\" _module_preset=\"default\" title_font=\"||||||||\" title_font_size=\"38px\" background_image=\"https:\/\/lobetalarbeit.de\/wp-content\/uploads\/2021\/01\/rostockerstrasse.jpg\" min_height=\"290px\" text_shadow_style=\"preset3\" global_colors_info=\"{}\" background_overlay_color__hover_enabled=\"off|desktop\"][\/et_pb_fullwidth_header][\/et_pb_section][et_pb_section fb_built=\"1\" _builder_version=\"4.7.7\" _module_preset=\"default\" global_colors_info=\"{}\"][et_pb_row _builder_version=\"4.9.10\" _module_preset=\"default\" global_colors_info=\"{}\"][et_pb_column type=\"4_4\" _builder_version=\"4.9.10\" _module_preset=\"default\" global_colors_info=\"{}\"][et_pb_team_member name=\"Simone Neumann \" position=\"Abteilungsleitung \" image_url=\"https:\/\/lobetalarbeit.de\/wp-content\/uploads\/2021\/09\/Fr.-Neumann_k.jpg\" _builder_version=\"4.14.7\" _module_preset=\"default\" hover_enabled=\"0\" custom_css_main_element=\"display: flex;\" custom_css_member_image=\"max-width: 150px;||margin-right: 15px;\" border_radii_image=\"on|50%|50%|50%|50%\" global_colors_info=\"{}\" sticky_enabled=\"0\"]<\/p><p>Rostocker Stra\u00dfe 123<br \/>29225 Celle<\/p><p>Tel. 05141 97443-29<br \/>Mobil: 015161216799<br \/><a href=\"mailto:s.neumann@lobetalarbeit.de\">s.neumann@lobetalarbeit.de<\/a><\/p><p>[\/et_pb_team_member][\/et_pb_column][\/et_pb_row][et_pb_row _builder_version=\"4.9.4\" _module_preset=\"default\" global_colors_info=\"{}\"][et_pb_column type=\"4_4\" _builder_version=\"4.9.4\" _module_preset=\"default\" global_colors_info=\"{}\"][et_pb_text _builder_version=\"4.9.10\" _module_preset=\"default\" global_colors_info=\"{}\"]<\/p><h1>Wohnen in der Rostocker Stra\u00dfe <strong><br \/><\/strong><\/h1><p>[\/et_pb_text][\/et_pb_column][\/et_pb_row][et_pb_row column_structure=\"1_2,1_2\" _builder_version=\"4.9.4\" _module_preset=\"default\" global_colors_info=\"{}\"][et_pb_column type=\"1_2\" _builder_version=\"4.9.4\" _module_preset=\"default\" global_colors_info=\"{}\"][et_pb_text _builder_version=\"4.14.7\" _module_preset=\"default\" global_colors_info=\"{}\"]<\/p><p>Im Wohnhaus in der Rostocker Stra\u00dfe leben Menschen mit Behinderungen in drei Wohngemeinschaften.<\/p><p>In den Gemeinschaftszimmern befinden sich unter anderem ger\u00e4umige Sitzecken, eine Fernseh- und Stereoanlage sowie ein Essplatz. Alle Wohngemeinschaften sind barrierefrei zug\u00e4nglich und verf\u00fcgen \u00fcber einen Zugang zum Internet via hauseigenes WLAN.<\/p><p>Das Wohnhaus in der Rostocker Stra\u00dfe befindet sich in dem Celler Stadtteil Heese ganz in der N\u00e4he des Lauensteinplatzes mit verschiedenen kleinen Gesch\u00e4ften, Caf\u00e9s, einer Eisdiele, Supermarkt, Sparkasse, einer Apotheke sowie einem Restaurant. Die Innenstadt und der Bahnhof Celles sind schnell mit dem \u00d6ffentlichen Nahverkehr zu erreichen. In direkter Nachbarschaft des Wohnhauses in der Rostocker Stra\u00dfe liegen zudem die Pauluskirche, dar\u00fcber hinaus ein B\u00e4cker und ein Fris\u00f6rsalon. Die Rostocker Stra\u00dfe selbst besteht \u00fcberwiegend aus Einfamilien- und Reihenh\u00e4usern.<\/p><p>[\/et_pb_text][\/et_pb_column][et_pb_column type=\"1_2\" _builder_version=\"4.9.4\" _module_preset=\"default\" global_colors_info=\"{}\"][et_pb_image src=\"https:\/\/lobetalarbeit.de\/wp-content\/uploads\/2021\/02\/DSC_0098.jpg\" title_text=\"DSC_0098\" _builder_version=\"4.9.10\" _module_preset=\"default\" global_colors_info=\"{}\"][\/et_pb_image][\/et_pb_column][\/et_pb_row][\/et_pb_section][et_pb_section fb_built=\"1\" _builder_version=\"4.9.4\" _module_preset=\"default\" background_color=\"#f7f7f7\" global_colors_info=\"{}\"][et_pb_row admin_label=\"Zeile\" _builder_version=\"4.9.4\" _module_preset=\"default\" global_colors_info=\"{}\"][et_pb_column type=\"4_4\" _builder_version=\"4.9.4\" _module_preset=\"default\" global_colors_info=\"{}\"][et_pb_text _builder_version=\"4.14.2\" _module_preset=\"default\" global_colors_info=\"{}\"]<\/p><h2>Was macht die Rostocker Stra\u00dfe attraktiv?<\/h2><p><strong>Wlan, 3 Wohngemeinschaften, Balkon\/Loggia, gro\u00dfe Gemeinschaftsr\u00e4ume, gro\u00dfe K\u00fcchen, voll ausgestattet, N\u00e4he zum Ortskern Heese, Sportvereine.<br \/><\/strong><\/p><p><strong>\u00a0<\/strong><\/p><p>[\/et_pb_text][\/et_pb_column][\/et_pb_row][et_pb_row column_structure=\"1_4,1_4,1_4,1_4\" _builder_version=\"4.9.4\" _module_preset=\"default\" global_colors_info=\"{}\"][et_pb_column type=\"1_4\" _builder_version=\"4.9.4\" _module_preset=\"default\" global_colors_info=\"{}\"][et_pb_image src=\"https:\/\/lobetalarbeit.de\/wp-content\/uploads\/2021\/02\/einkaufszentrum.png\" title_text=\"einkaufszentrum\" _builder_version=\"4.9.4\" _module_preset=\"default\" global_colors_info=\"{}\"][\/et_pb_image][\/et_pb_column][et_pb_column type=\"1_4\" _builder_version=\"4.9.4\" _module_preset=\"default\" global_colors_info=\"{}\"][et_pb_image src=\"https:\/\/lobetalarbeit.de\/wp-content\/uploads\/2021\/02\/freizeit-1.png\" title_text=\"freizeit\" _builder_version=\"4.9.4\" _module_preset=\"default\" global_colors_info=\"{}\"][\/et_pb_image][\/et_pb_column][et_pb_column type=\"1_4\" _builder_version=\"4.9.4\" _module_preset=\"default\" global_colors_info=\"{}\"][et_pb_image src=\"https:\/\/lobetalarbeit.de\/wp-content\/uploads\/2021\/02\/freizeitclub-3.png\" title_text=\"freizeitclub\" _builder_version=\"4.9.4\" _module_preset=\"default\" global_colors_info=\"{}\"][\/et_pb_image][\/et_pb_column][et_pb_column type=\"1_4\" _builder_version=\"4.9.4\" _module_preset=\"default\" global_colors_info=\"{}\"][et_pb_image src=\"https:\/\/lobetalarbeit.de\/wp-content\/uploads\/2021\/02\/wohnen.png\" title_text=\"wohnen\" _builder_version=\"4.9.4\" _module_preset=\"default\" global_colors_info=\"{}\"][\/et_pb_image][\/et_pb_column][\/et_pb_row][\/et_pb_section]<\/p>","_et_gb_content_width":"","footnotes":""},"class_list":["post-7418","page","type-page","status-publish","hentry"],"_links":{"self":[{"href":"https:\/\/lobetalarbeit.de\/ls-ls\/wp-json\/wp\/v2\/pages\/7418","targetHints":{"allow":["GET"]}}],"collection":[{"href":"https:\/\/lobetalarbeit.de\/ls-ls\/wp-json\/wp\/v2\/pages"}],"about":[{"href":"https:\/\/lobetalarbeit.de\/ls-ls\/wp-json\/wp\/v2\/types\/page"}],"author":[{"embeddable":true,"href":"https:\/\/lobetalarbeit.de\/ls-ls\/wp-json\/wp\/v2\/users\/3"}],"replies":[{"embeddable":true,"href":"https:\/\/lobetalarbeit.de\/ls-ls\/wp-json\/wp\/v2\/comments?post=7418"}],"version-history":[{"count":7,"href":"https:\/\/lobetalarbeit.de\/ls-ls\/wp-json\/wp\/v2\/pages\/7418\/revisions"}],"predecessor-version":[{"id":7649,"href":"https:\/\/lobetalarbeit.de\/ls-ls\/wp-json\/wp\/v2\/pages\/7418\/revisions\/7649"}],"up":[{"embeddable":true,"href":"https:\/\/lobetalarbeit.de\/ls-ls\/wp-json\/wp\/v2\/pages\/7469"}],"wp:attachment":[{"href":"https:\/\/lobetalarbeit.de\/ls-ls\/wp-json\/wp\/v2\/media?parent=7418"}],"curies":[{"name":"wp","href":"https:\/\/api.w.org\/{rel}","templated":true}]}}