{"id":7426,"date":"2021-02-18T15:21:27","date_gmt":"2021-02-18T14:21:27","guid":{"rendered":"https:\/\/lobetalarbeit.de\/?page_id=7426"},"modified":"2022-12-08T14:01:57","modified_gmt":"2022-12-08T13:01:57","slug":"wohnen-in-der-kirchstrasse","status":"publish","type":"page","link":"https:\/\/lobetalarbeit.de\/ls-ls\/wohnen-in-lobetal\/wohnen-in-der-kirchstrasse\/","title":{"rendered":"Wohnen in der Kirchstra\u00dfe"},"content":{"rendered":"<p>[et_pb_section fb_built=&#8221;1&#8243; fullwidth=&#8221;on&#8221; _builder_version=&#8221;4.16&#8243; _module_preset=&#8221;default&#8221; global_colors_info=&#8221;{}&#8221;][et_pb_fullwidth_header title=&#8221;Wohnen in der Kirchstra\u00dfe &#8221; text_orientation=&#8221;center&#8221; _builder_version=&#8221;4.16&#8243; _module_preset=&#8221;default&#8221; title_font=&#8221;||||||||&#8221; title_font_size=&#8221;38px&#8221; background_image=&#8221;https:\/\/lobetalarbeit.de\/wp-content\/uploads\/2021\/01\/kirchstrasse.jpg&#8221; min_height=&#8221;290px&#8221; text_shadow_style=&#8221;preset3&#8243; global_colors_info=&#8221;{}&#8221; background_overlay_color__hover_enabled=&#8221;off|desktop&#8221;][\/et_pb_fullwidth_header][\/et_pb_section][et_pb_section fb_built=&#8221;1&#8243; _builder_version=&#8221;4.16&#8243; _module_preset=&#8221;default&#8221; global_colors_info=&#8221;{}&#8221;][et_pb_row _builder_version=&#8221;4.16&#8243; _module_preset=&#8221;default&#8221; global_colors_info=&#8221;{}&#8221;][et_pb_column type=&#8221;4_4&#8243; _builder_version=&#8221;4.16&#8243; _module_preset=&#8221;default&#8221; global_colors_info=&#8221;{}&#8221;][et_pb_text _builder_version=&#8221;4.16&#8243; _module_preset=&#8221;default&#8221; global_colors_info=&#8221;{}&#8221;]<\/p>\n<h1><strong>Wohnen in der Kirchstra\u00dfe<br \/>\n<\/strong><\/h1>\n<p>[\/et_pb_text][\/et_pb_column][\/et_pb_row][et_pb_row _builder_version=&#8221;4.16&#8243; _module_preset=&#8221;default&#8221; global_colors_info=&#8221;{}&#8221;][et_pb_column type=&#8221;4_4&#8243; _builder_version=&#8221;4.16&#8243; _module_preset=&#8221;default&#8221; global_colors_info=&#8221;{}&#8221;][et_pb_team_member name=&#8221;Simone Neumann &#8221; position=&#8221;Abteilungsleitung &#8221; image_url=&#8221;https:\/\/lobetalarbeit.de\/wp-content\/uploads\/2021\/09\/Fr.-Neumann_k.jpg&#8221; _builder_version=&#8221;4.16&#8243; _module_preset=&#8221;default&#8221; custom_css_main_element=&#8221;display: flex;&#8221; custom_css_member_image=&#8221;max-width: 150px;||margin-right: 15px;&#8221; border_radii_image=&#8221;on|50%|50%|50%|50%&#8221; global_colors_info=&#8221;{}&#8221;]Kirchstra\u00dfe 49<br \/>\n29221 Celle<\/p>\n<p>Tel. 05141 97443-29<br \/>\nMobil: 015161216799<br \/>\n<a class=\"mail\" title=\"Opens window for sending email\" href=\"mailto:r.kliemann@lobetalarbeit.de\">s.neumann@lobetalarbeit.de\u00a0<\/a><br \/>\n[\/et_pb_team_member][\/et_pb_column][\/et_pb_row][et_pb_row column_structure=&#8221;1_3,1_3,1_3&#8243; _builder_version=&#8221;4.16&#8243; _module_preset=&#8221;default&#8221; global_colors_info=&#8221;{}&#8221;][et_pb_column type=&#8221;1_3&#8243; _builder_version=&#8221;4.16&#8243; _module_preset=&#8221;default&#8221; global_colors_info=&#8221;{}&#8221;][et_pb_text _builder_version=&#8221;4.18.1&#8243; _module_preset=&#8221;default&#8221; global_colors_info=&#8221;{}&#8221;]Das Wohn-haus in der Kirch-stra\u00dfe<\/p>\n<p>hat 5 Wohnungen.<\/p>\n<p>Es gibt dort kleine Wohnungen.<\/p>\n<p>Und gro\u00dfe Wohnungen.<\/p>\n<p>Die kleinen Wohnungen haben 2 Einzel-zimmer.<\/p>\n<p>Die gro\u00dfen Wohnungen haben 4 Einzel-zimmer<\/p>\n<p>oder sie haben 6 Einzel-zimmer.<\/p>\n<p>Alle Wohnungen sind barriere-frei.<\/p>\n<p>Jede Wohnung hat<\/p>\n<ul>\n<li>einen Gemein-schafts-raum.<\/li>\n<li>Mit einem gro\u00dfen Balkon.<\/li>\n<\/ul>\n<p>Oder mit einer Terrasse<strong>.<\/strong><\/p>\n<ul>\n<li>eine Gemeinschafts-k\u00fcche<\/li>\n<li>einen eigenen Zugang zur Treppe<\/li>\n<li>und zum Fahr-Stuhl.<\/li>\n<\/ul>\n<p>Es gibt in jeder Wohnung<\/p>\n<p>Internet mit WLAN.<br \/>\n[\/et_pb_text][\/et_pb_column][et_pb_column type=&#8221;1_3&#8243; _builder_version=&#8221;4.16&#8243; _module_preset=&#8221;default&#8221; global_colors_info=&#8221;{}&#8221;][et_pb_gallery gallery_ids=&#8221;1048&#8243; show_title_and_caption=&#8221;off&#8221; _builder_version=&#8221;4.16&#8243; _module_preset=&#8221;default&#8221; global_colors_info=&#8221;{}&#8221;][\/et_pb_gallery][\/et_pb_column][et_pb_column type=&#8221;1_3&#8243; _builder_version=&#8221;4.16&#8243; _module_preset=&#8221;default&#8221; global_colors_info=&#8221;{}&#8221;][et_pb_text _builder_version=&#8221;4.18.1&#8243; _module_preset=&#8221;default&#8221; global_colors_info=&#8221;{}&#8221;]Das Wohnhaus in der Kirch-stra\u00dfe ist in Celle.<\/p>\n<p>Im <strong>Stadt-teil Neuen-H\u00e4usen<\/strong>.<\/p>\n<p>In der N\u00e4he sind zum Beispiel:<\/p>\n<ul>\n<li>der Bahnhof<\/li>\n<li>Super-m\u00e4rkte<\/li>\n<li>B\u00e4ckerei<\/li>\n<li>Restaurants<\/li>\n<li>Kirche<\/li>\n<li>\u00c4rzte<\/li>\n<li>Apotheke<\/li>\n<li>Sportstudio<\/li>\n<li>Friseur<\/li>\n<li>Park<\/li>\n<\/ul>\n<p>Du m\u00f6chtest zum Schwimm-bad?<\/p>\n<p>Oder zu einem Sport-verein?<\/p>\n<p>Du kannst \u00fcberall zu Fu\u00df hin-gehen.<\/p>\n<p>Oder mit dem Fahr-rad fahren.<\/p>\n<p>Es ist nicht weit.<br \/>\n[\/et_pb_text][\/et_pb_column][\/et_pb_row][\/et_pb_section]<\/p>\n","protected":false},"excerpt":{"rendered":"<p>Wohnen in der Kirchstra\u00dfe Kirchstra\u00dfe 49 29221 Celle Tel. 05141 97443-29 Mobil: 015161216799 s.neumann@lobetalarbeit.de\u00a0 Das Wohn-haus in der Kirch-stra\u00dfe hat 5 Wohnungen. Es gibt dort kleine Wohnungen. Und gro\u00dfe Wohnungen. Die kleinen Wohnungen haben 2 Einzel-zimmer. Die gro\u00dfen Wohnungen haben 4 Einzel-zimmer oder sie haben 6 Einzel-zimmer. Alle Wohnungen sind barriere-frei. Jede Wohnung hat einen [&hellip;]<\/p>\n","protected":false},"author":3,"featured_media":0,"parent":7469,"menu_order":0,"comment_status":"closed","ping_status":"closed","template":"","meta":{"_et_pb_use_builder":"on","_et_pb_old_content":"<p>[et_pb_section fb_built=\"1\" fullwidth=\"on\" _builder_version=\"4.7.7\" _module_preset=\"default\" global_colors_info=\"{}\"][et_pb_fullwidth_header title=\"Wohnen in der Kirchstra\u00dfe \" text_orientation=\"center\" _builder_version=\"4.9.10\" _module_preset=\"default\" title_font=\"||||||||\" title_font_size=\"38px\" background_image=\"https:\/\/lobetalarbeit.de\/wp-content\/uploads\/2021\/01\/kirchstrasse.jpg\" min_height=\"290px\" text_shadow_style=\"preset3\" global_colors_info=\"{}\" background_overlay_color__hover_enabled=\"off|desktop\"][\/et_pb_fullwidth_header][\/et_pb_section][et_pb_section fb_built=\"1\" _builder_version=\"4.7.7\" _module_preset=\"default\" global_colors_info=\"{}\"][et_pb_row _builder_version=\"4.9.4\" _module_preset=\"default\" global_colors_info=\"{}\"][et_pb_column type=\"4_4\" _builder_version=\"4.9.4\" _module_preset=\"default\" global_colors_info=\"{}\"][et_pb_text _builder_version=\"4.9.10\" _module_preset=\"default\" global_colors_info=\"{}\"]<\/p><h1><strong>Wohnen in der Kirchstra\u00dfe <br \/><\/strong><\/h1><p>[\/et_pb_text][\/et_pb_column][\/et_pb_row][et_pb_row _builder_version=\"4.9.10\" _module_preset=\"default\" global_colors_info=\"{}\"][et_pb_column type=\"4_4\" _builder_version=\"4.9.10\" _module_preset=\"default\" global_colors_info=\"{}\"][et_pb_team_member name=\"Simone Neumann \" position=\"Abteilungsleitung \" image_url=\"https:\/\/lobetalarbeit.de\/wp-content\/uploads\/2021\/09\/Fr.-Neumann_k.jpg\" _builder_version=\"4.14.7\" _module_preset=\"default\" hover_enabled=\"0\" custom_css_main_element=\"display: flex;\" custom_css_member_image=\"max-width: 150px;||margin-right: 15px;\" border_radii_image=\"on|50%|50%|50%|50%\" global_colors_info=\"{}\" sticky_enabled=\"0\"]<\/p><p>Kirchstra\u00dfe 49<br \/>29221 Celle<\/p><p>Tel. 05141 97443-29<br \/>Mobil: 015161216799<br \/><a class=\"mail\" title=\"Opens window for sending email\" href=\"mailto:r.kliemann@lobetalarbeit.de\">s.neumann@lobetalarbeit.de\u00a0<\/a><\/p><p>[\/et_pb_team_member][\/et_pb_column][\/et_pb_row][et_pb_row column_structure=\"3_5,2_5\" _builder_version=\"4.9.4\" _module_preset=\"default\" global_colors_info=\"{}\"][et_pb_column type=\"3_5\" _builder_version=\"4.9.4\" _module_preset=\"default\" global_colors_info=\"{}\"][et_pb_text _builder_version=\"4.14.7\" _module_preset=\"default\" global_colors_info=\"{}\"]<\/p><p>In den f\u00fcnf Wohnungen f\u00fcr Menschen mit Behinderungen leben erwachsene Frauen und M\u00e4nner. In jeder dieser Wohnungen befinden sich zwei, vier oder sechs Einzelzimmer, ein Gemeinschaftsraum mit gro\u00dfem Balkon oder Terrasse, ein Badezimmer sowie eine Gemeinschaftsk\u00fcche und ein separater Zugang zum Treppenhaus (samt Fahrstuhl) bzw. zur Au\u00dfentreppe.<\/p><p>In den Gemeinschaftszimmern befinden sich unter anderem ger\u00e4umige Sitzecken, eine Fernseh- und Stereoanlage sowie ein Esstisch. Alle f\u00fcnf Wohnungen sind barrierefrei zug\u00e4nglich und verf\u00fcgen \u00fcber einen Zugang zum Internet via hauseigenes WLAN.<\/p><p>Das Wohnhaus in der Kirchstra\u00dfe befindet sich mitten im Celler Stadtteil Neuenh\u00e4usen, ganz in der N\u00e4he des Celler Bahnhofs. Gut zu Fu\u00df zu erreichen sind mehrere Superm\u00e4rkte sowie die parallel zur Kirchstra\u00dfe verlaufende Bahnhofsstra\u00dfe mit Gesch\u00e4ften (z. B. B\u00e4ckerei) und kleineren Restaurants. Dar\u00fcber hinaus befinden sich ganz in der N\u00e4he des Hauses die Kirche Neuenh\u00e4usen, verschiedene fach\u00e4rztliche Praxen, eine Apotheke, ein Sportstudio, ein Friseursalon sowie eine gro\u00dfe Parkanlage und das Celler Landgest\u00fct. Auch das Celler Schwimmbad und diverse Sportvereine sind zu Fu\u00df oder mit dem Fahrrad vom Wohnhaus in der Kirchstra\u00dfe gut zu erreichen, ebenso die Haltestellen des Celler Nahverkehrs. Das Stadtzentrum ist ca. einen Kilometer entfernt.<\/p><p>[\/et_pb_text][\/et_pb_column][et_pb_column type=\"2_5\" _builder_version=\"4.9.4\" _module_preset=\"default\" global_colors_info=\"{}\"][et_pb_gallery gallery_ids=\"1048\" show_title_and_caption=\"off\" _builder_version=\"4.9.10\" _module_preset=\"default\" global_colors_info=\"{}\"][\/et_pb_gallery][\/et_pb_column][\/et_pb_row][\/et_pb_section][et_pb_section fb_built=\"1\" _builder_version=\"4.9.4\" _module_preset=\"default\" background_color=\"#f7f7f7\" global_colors_info=\"{}\"][et_pb_row admin_label=\"Zeile\" _builder_version=\"4.9.4\" _module_preset=\"default\" global_colors_info=\"{}\"][et_pb_column type=\"4_4\" _builder_version=\"4.9.4\" _module_preset=\"default\" global_colors_info=\"{}\"][et_pb_text _builder_version=\"4.14.2\" _module_preset=\"default\" global_colors_info=\"{}\"]<\/p><h2>Was macht die Kirchstra\u00dfe attraktiv?<\/h2><p><strong>Wlan, barrierefreie Zug\u00e4nge, helle moderne Einrichtungen, gro\u00dfe Wohnr\u00e4ume, Fu\u00dfbodenheizung, Balkon & Terrassen, Innenstadt- und Bahnhofsnah, Sportvereine, gro\u00dfer Fahrradschuppen, der in sekundenschnelle in einen Party-\/Fitnessraum umgewandelt werden kann, spontane gemeinsame Grillabende mit den Mietparteien.<\/strong><\/p><p><strong>\u00a0<\/strong><\/p><p>[\/et_pb_text][\/et_pb_column][\/et_pb_row][et_pb_row column_structure=\"1_4,1_4,1_4,1_4\" _builder_version=\"4.9.4\" _module_preset=\"default\" global_colors_info=\"{}\"][et_pb_column type=\"1_4\" _builder_version=\"4.9.4\" _module_preset=\"default\" global_colors_info=\"{}\"][et_pb_image src=\"https:\/\/lobetalarbeit.de\/wp-content\/uploads\/2021\/02\/bahnhof.png\" title_text=\"bahnhof\" _builder_version=\"4.9.4\" _module_preset=\"default\" global_colors_info=\"{}\"][\/et_pb_image][\/et_pb_column][et_pb_column type=\"1_4\" _builder_version=\"4.9.4\" _module_preset=\"default\" global_colors_info=\"{}\"][et_pb_image src=\"https:\/\/lobetalarbeit.de\/wp-content\/uploads\/2021\/02\/fahrrad3.png\" title_text=\"fahrrad3\" _builder_version=\"4.9.4\" _module_preset=\"default\" global_colors_info=\"{}\"][\/et_pb_image][\/et_pb_column][et_pb_column type=\"1_4\" _builder_version=\"4.9.4\" _module_preset=\"default\" global_colors_info=\"{}\"][et_pb_image src=\"https:\/\/lobetalarbeit.de\/wp-content\/uploads\/2021\/02\/stadtbummel.png\" title_text=\"stadtbummel\" _builder_version=\"4.9.4\" _module_preset=\"default\" global_colors_info=\"{}\"][\/et_pb_image][\/et_pb_column][et_pb_column type=\"1_4\" _builder_version=\"4.9.4\" _module_preset=\"default\" global_colors_info=\"{}\"][et_pb_image src=\"https:\/\/lobetalarbeit.de\/wp-content\/uploads\/2021\/02\/terrasse.png\" title_text=\"terrasse\" _builder_version=\"4.9.4\" _module_preset=\"default\" global_colors_info=\"{}\"][\/et_pb_image][\/et_pb_column][\/et_pb_row][\/et_pb_section]<\/p>","_et_gb_content_width":"","footnotes":""},"class_list":["post-7426","page","type-page","status-publish","hentry"],"_links":{"self":[{"href":"https:\/\/lobetalarbeit.de\/ls-ls\/wp-json\/wp\/v2\/pages\/7426","targetHints":{"allow":["GET"]}}],"collection":[{"href":"https:\/\/lobetalarbeit.de\/ls-ls\/wp-json\/wp\/v2\/pages"}],"about":[{"href":"https:\/\/lobetalarbeit.de\/ls-ls\/wp-json\/wp\/v2\/types\/page"}],"author":[{"embeddable":true,"href":"https:\/\/lobetalarbeit.de\/ls-ls\/wp-json\/wp\/v2\/users\/3"}],"replies":[{"embeddable":true,"href":"https:\/\/lobetalarbeit.de\/ls-ls\/wp-json\/wp\/v2\/comments?post=7426"}],"version-history":[{"count":7,"href":"https:\/\/lobetalarbeit.de\/ls-ls\/wp-json\/wp\/v2\/pages\/7426\/revisions"}],"predecessor-version":[{"id":7648,"href":"https:\/\/lobetalarbeit.de\/ls-ls\/wp-json\/wp\/v2\/pages\/7426\/revisions\/7648"}],"up":[{"embeddable":true,"href":"https:\/\/lobetalarbeit.de\/ls-ls\/wp-json\/wp\/v2\/pages\/7469"}],"wp:attachment":[{"href":"https:\/\/lobetalarbeit.de\/ls-ls\/wp-json\/wp\/v2\/media?parent=7426"}],"curies":[{"name":"wp","href":"https:\/\/api.w.org\/{rel}","templated":true}]}}