{"id":7434,"date":"2021-02-18T15:22:02","date_gmt":"2021-02-18T14:22:02","guid":{"rendered":"https:\/\/lobetalarbeit.de\/?page_id=7434"},"modified":"2022-12-08T13:57:34","modified_gmt":"2022-12-08T12:57:34","slug":"wohnen-auf-dem-osterberg","status":"publish","type":"page","link":"https:\/\/lobetalarbeit.de\/ls-ls\/wohnen-auf-dem-osterberg\/","title":{"rendered":"Wohnen auf dem Osterberg"},"content":{"rendered":"<p>[et_pb_section fb_built=&#8221;1&#8243; fullwidth=&#8221;on&#8221; _builder_version=&#8221;4.16&#8243; _module_preset=&#8221;default&#8221; global_colors_info=&#8221;{}&#8221;][et_pb_fullwidth_header title=&#8221; Wohnen auf dem Osterberg&#8221; text_orientation=&#8221;center&#8221; _builder_version=&#8221;4.16&#8243; _module_preset=&#8221;default&#8221; title_font=&#8221;||||||||&#8221; title_font_size=&#8221;38px&#8221; background_image=&#8221;https:\/\/lobetalarbeit.de\/wp-content\/uploads\/2021\/07\/Wohnen-auf-dem-Osterberg.jpg&#8221; min_height=&#8221;290px&#8221; text_shadow_style=&#8221;preset3&#8243; global_colors_info=&#8221;{}&#8221; background_overlay_color__hover_enabled=&#8221;off|desktop&#8221;][\/et_pb_fullwidth_header][\/et_pb_section][et_pb_section fb_built=&#8221;1&#8243; _builder_version=&#8221;4.16&#8243; _module_preset=&#8221;default&#8221; global_colors_info=&#8221;{}&#8221;][et_pb_row _builder_version=&#8221;4.16&#8243; _module_preset=&#8221;default&#8221; global_colors_info=&#8221;{}&#8221;][et_pb_column type=&#8221;4_4&#8243; _builder_version=&#8221;4.16&#8243; _module_preset=&#8221;default&#8221; global_colors_info=&#8221;{}&#8221;][et_pb_text _builder_version=&#8221;4.16&#8243; _module_preset=&#8221;default&#8221; global_colors_info=&#8221;{}&#8221;]<\/p>\n<h1><strong>Wohnen auf dem Osterberg<\/strong><\/h1>\n<p>[\/et_pb_text][et_pb_team_member name=&#8221;Simone Neumann&#8221; image_url=&#8221;https:\/\/lobetalarbeit.de\/wp-content\/uploads\/2021\/09\/Fr.-Neumann_k.jpg&#8221; _builder_version=&#8221;4.16&#8243; _module_preset=&#8221;default&#8221; custom_css_main_element=&#8221;display: flex;&#8221; custom_css_member_image=&#8221;max-width: 150px;||margin-right: 15px;&#8221; border_radii_image=&#8221;on|50%|50%|50%|50%&#8221; global_colors_info=&#8221;{}&#8221;]Osterberg 2<br \/>\n29229 Celle<\/p>\n<p>Tel. 05141-97443-29<br \/>\nMobil: 015161216799<br \/>\n<a href=\"mailto:s.neumann@lobetalarbeit.de\">s.neumann@lobetalarbeit.de<\/a><br \/>\n[\/et_pb_team_member][et_pb_gallery gallery_ids=&#8221;3003,3004,3005,894&#8243; show_title_and_caption=&#8221;off&#8221; admin_label=&#8221;Galerie&#8221; _builder_version=&#8221;4.16&#8243; _module_preset=&#8221;default&#8221; global_colors_info=&#8221;{}&#8221;][\/et_pb_gallery][\/et_pb_column][\/et_pb_row][et_pb_row column_structure=&#8221;1_2,1_2&#8243; _builder_version=&#8221;4.16&#8243; _module_preset=&#8221;default&#8221; global_colors_info=&#8221;{}&#8221;][et_pb_column type=&#8221;1_2&#8243; _builder_version=&#8221;4.16&#8243; _module_preset=&#8221;default&#8221; global_colors_info=&#8221;{}&#8221;][et_pb_text admin_label=&#8221;Text&#8221; _builder_version=&#8221;4.18.1&#8243; _module_preset=&#8221;default&#8221; global_colors_info=&#8221;{}&#8221;]<\/p>\n<p>Der Oster-berg liegt im im Orts-teil Gar\u00dfen.<\/p>\n<p>Das ist etwas au\u00dfer-halb von Celle.<\/p>\n<p>Auf dem Oster-berg gibt es<\/p>\n<p>zwei Wohn-h\u00e4user.<\/p>\n<p>Hier wohnen 16 Menschen,<\/p>\n<p>die Hilfe im Alltag brauchen.<\/p>\n<p>In beiden H\u00e4usern gibt es W-Lan.<\/p>\n<p>Auf dem Osterberg zu wohnen,<\/p>\n<p>ist etwas Besonderes.<\/p>\n<p>Warum?<\/p>\n<p>[\/et_pb_text][\/et_pb_column][et_pb_column type=&#8221;1_2&#8243; _builder_version=&#8221;4.16&#8243; _module_preset=&#8221;default&#8221; global_colors_info=&#8221;{}&#8221;][et_pb_text _builder_version=&#8221;4.18.1&#8243; _module_preset=&#8221;default&#8221; global_colors_info=&#8221;{}&#8221;]<\/p>\n<p>Der Osterberg ist ein richtiger kleiner Berg.<\/p>\n<p>Hier gibt es viel Wald und Wiesen.<\/p>\n<p>Zum Osterberg geh\u00f6rt ein Damm-Wild-Gehege.<\/p>\n<p>Hier leben Rehe und Hirsche.<\/p>\n<p>Aber auch Moor-Schafe,<\/p>\n<p>H\u00fchner, Enten und G\u00e4nse.<\/p>\n<p>Der Osterberg hat einen Swimming-Pool,<\/p>\n<p>den man heizen kann.<\/p>\n<p>Und einen Sportplatz.<\/p>\n<p>In Gar\u00dfen gibt es Sport-vereine.<\/p>\n<p>Und Dorf-feste.<\/p>\n<p>[\/et_pb_text][\/et_pb_column][\/et_pb_row][\/et_pb_section]<\/p>\n","protected":false},"excerpt":{"rendered":"<p>Wohnen auf dem Osterberg Osterberg 2 29229 Celle Tel. 05141-97443-29 Mobil: 015161216799 s.neumann@lobetalarbeit.de Der Oster-berg liegt im im Orts-teil Gar\u00dfen. Das ist etwas au\u00dfer-halb von Celle. Auf dem Oster-berg gibt es zwei Wohn-h\u00e4user. Hier wohnen 16 Menschen, die Hilfe im Alltag brauchen. In beiden H\u00e4usern gibt es W-Lan. Auf dem Osterberg zu wohnen, ist etwas [&hellip;]<\/p>\n","protected":false},"author":3,"featured_media":0,"parent":0,"menu_order":0,"comment_status":"closed","ping_status":"closed","template":"","meta":{"_et_pb_use_builder":"on","_et_pb_old_content":"<p>[et_pb_section fb_built=\"1\" fullwidth=\"on\" _builder_version=\"4.7.7\" _module_preset=\"default\" global_colors_info=\"{}\"][et_pb_fullwidth_header title=\" Wohnen auf dem Osterberg\" text_orientation=\"center\" _builder_version=\"4.9.10\" _module_preset=\"default\" title_font=\"||||||||\" title_font_size=\"38px\" background_image=\"https:\/\/lobetalarbeit.de\/wp-content\/uploads\/2021\/07\/Wohnen-auf-dem-Osterberg.jpg\" min_height=\"290px\" text_shadow_style=\"preset3\" global_colors_info=\"{}\" background_overlay_color__hover_enabled=\"off|desktop\"][\/et_pb_fullwidth_header][\/et_pb_section][et_pb_section fb_built=\"1\" _builder_version=\"4.7.7\" _module_preset=\"default\" global_colors_info=\"{}\"][et_pb_row _builder_version=\"4.9.4\" _module_preset=\"default\" global_colors_info=\"{}\"][et_pb_column type=\"4_4\" _builder_version=\"4.9.4\" _module_preset=\"default\" global_colors_info=\"{}\"][et_pb_text _builder_version=\"4.7.7\" _module_preset=\"default\" global_colors_info=\"{}\"]<\/p><h1><strong>Wohnen auf dem Osterberg<\/strong><\/h1><p>[\/et_pb_text][et_pb_team_member name=\"Simone Neumann\" image_url=\"https:\/\/lobetalarbeit.de\/wp-content\/uploads\/2021\/09\/Fr.-Neumann_k.jpg\" _builder_version=\"4.14.7\" _module_preset=\"default\" hover_enabled=\"0\" custom_css_main_element=\"display: flex;\" custom_css_member_image=\"max-width: 150px;||margin-right: 15px;\" border_radii_image=\"on|50%|50%|50%|50%\" global_colors_info=\"{}\" sticky_enabled=\"0\"]<\/p><p>Osterberg 2<br \/>29229 Celle<\/p><p>Tel. 05141-97443-29<br \/>Mobil: 015161216799<br \/><a href=\"mailto:s.neumann@lobetalarbeit.de\">s.neumann@lobetalarbeit.de<\/a>\u00a0<\/p><p>[\/et_pb_team_member][et_pb_gallery gallery_ids=\"3003,3004,3005,894\" show_title_and_caption=\"off\" admin_label=\"Galerie\" _builder_version=\"4.9.10\" _module_preset=\"default\" global_colors_info=\"{}\"][\/et_pb_gallery][\/et_pb_column][\/et_pb_row][et_pb_row _builder_version=\"4.9.4\" _module_preset=\"default\" global_colors_info=\"{}\"][et_pb_column type=\"4_4\" _builder_version=\"4.9.4\" _module_preset=\"default\" global_colors_info=\"{}\"][et_pb_text admin_label=\"Text\" _builder_version=\"4.14.7\" _module_preset=\"default\" global_colors_info=\"{}\"]<\/p><p>In den beiden Wohngeb\u00e4uden auf dem Osterberg leben Menschen mit Behinderungen. Zu den Wohngeb\u00e4uden, die jeweils \u00fcber ein eigenes Wlan verf\u00fcgen, geh\u00f6ren au\u00dferdem ein beheizbarer Pool und ein Sportplatz.<\/p><p>Der Osterberg bei Celle ist mit seinen 74 Metern f\u00fcr norddeutsche Verh\u00e4ltnisse wirklich ein Berg. Er wurde schon von dem Mathematiker und ersten Landvermesser Carl Friedrich Gau\u00df als Sichtachse f\u00fcr seine Landvermessungen genutzt. Die beiden Wohngeb\u00e4ude auf dem Ostberg liegen nahe am Wald in direkter Nachbarschaft zu einem Damwildgehege, wo auch Moorschafe, H\u00fchner, Ente und G\u00e4nse zuhause sind.<\/p><p>[\/et_pb_text][\/et_pb_column][\/et_pb_row][\/et_pb_section][et_pb_section fb_built=\"1\" _builder_version=\"4.9.4\" _module_preset=\"default\" background_color=\"#f7f7f7\" global_colors_info=\"{}\"][et_pb_row admin_label=\"Zeile\" _builder_version=\"4.9.4\" _module_preset=\"default\" global_colors_info=\"{}\"][et_pb_column type=\"4_4\" _builder_version=\"4.9.4\" _module_preset=\"default\" global_colors_info=\"{}\"][et_pb_text _builder_version=\"4.14.2\" _module_preset=\"default\" global_colors_info=\"{}\"]<\/p><h2>Was macht Osterberg attraktiv?<\/h2><p><strong>(Beheizter) Pool\/Schwimmbecken, Sportplatz, Sportvereine, Wiesenfl\u00e4chen mit Damwild & Moorschafe, Gro\u00dfz\u00fcgiger, Wald, Wlan, Einbindung in die Dorfgemeinschaft Gar\u00dfen.<\/strong><\/p><p>[\/et_pb_text][\/et_pb_column][\/et_pb_row][et_pb_row column_structure=\"1_5,1_5,1_5,1_5,1_5\" _builder_version=\"4.9.4\" _module_preset=\"default\" global_colors_info=\"{}\"][et_pb_column type=\"1_5\" _builder_version=\"4.9.4\" _module_preset=\"default\" global_colors_info=\"{}\"][et_pb_image src=\"https:\/\/lobetalarbeit.de\/wp-content\/uploads\/2021\/02\/freibad-1.png\" title_text=\"freibad\" _builder_version=\"4.9.4\" _module_preset=\"default\" global_colors_info=\"{}\"][\/et_pb_image][\/et_pb_column][et_pb_column type=\"1_5\" _builder_version=\"4.9.4\" _module_preset=\"default\" global_colors_info=\"{}\"][et_pb_image src=\"https:\/\/lobetalarbeit.de\/wp-content\/uploads\/2021\/02\/sport.png\" title_text=\"sport\" _builder_version=\"4.9.4\" _module_preset=\"default\" global_colors_info=\"{}\"][\/et_pb_image][\/et_pb_column][et_pb_column type=\"1_5\" _builder_version=\"4.9.4\" _module_preset=\"default\" global_colors_info=\"{}\"][et_pb_image src=\"https:\/\/lobetalarbeit.de\/wp-content\/uploads\/2021\/02\/wald.png\" title_text=\"wald\" _builder_version=\"4.9.4\" _module_preset=\"default\" global_colors_info=\"{}\"][\/et_pb_image][\/et_pb_column][et_pb_column type=\"1_5\" _builder_version=\"4.9.4\" _module_preset=\"default\" global_colors_info=\"{}\"][et_pb_image src=\"https:\/\/lobetalarbeit.de\/wp-content\/uploads\/2021\/02\/waldtiere.png\" title_text=\"waldtiere\" _builder_version=\"4.9.4\" _module_preset=\"default\" global_colors_info=\"{}\"][\/et_pb_image][\/et_pb_column][et_pb_column type=\"1_5\" _builder_version=\"4.9.4\" _module_preset=\"default\" global_colors_info=\"{}\"][et_pb_image src=\"https:\/\/lobetalarbeit.de\/wp-content\/uploads\/2021\/02\/wohnheim.png\" title_text=\"wohnheim\" _builder_version=\"4.9.4\" _module_preset=\"default\" global_colors_info=\"{}\"][\/et_pb_image][\/et_pb_column][\/et_pb_row][\/et_pb_section]<\/p>","_et_gb_content_width":"","footnotes":""},"class_list":["post-7434","page","type-page","status-publish","hentry"],"_links":{"self":[{"href":"https:\/\/lobetalarbeit.de\/ls-ls\/wp-json\/wp\/v2\/pages\/7434","targetHints":{"allow":["GET"]}}],"collection":[{"href":"https:\/\/lobetalarbeit.de\/ls-ls\/wp-json\/wp\/v2\/pages"}],"about":[{"href":"https:\/\/lobetalarbeit.de\/ls-ls\/wp-json\/wp\/v2\/types\/page"}],"author":[{"embeddable":true,"href":"https:\/\/lobetalarbeit.de\/ls-ls\/wp-json\/wp\/v2\/users\/3"}],"replies":[{"embeddable":true,"href":"https:\/\/lobetalarbeit.de\/ls-ls\/wp-json\/wp\/v2\/comments?post=7434"}],"version-history":[{"count":6,"href":"https:\/\/lobetalarbeit.de\/ls-ls\/wp-json\/wp\/v2\/pages\/7434\/revisions"}],"predecessor-version":[{"id":7641,"href":"https:\/\/lobetalarbeit.de\/ls-ls\/wp-json\/wp\/v2\/pages\/7434\/revisions\/7641"}],"wp:attachment":[{"href":"https:\/\/lobetalarbeit.de\/ls-ls\/wp-json\/wp\/v2\/media?parent=7434"}],"curies":[{"name":"wp","href":"https:\/\/api.w.org\/{rel}","templated":true}]}}