{"id":8474,"date":"2021-02-18T15:20:03","date_gmt":"2021-02-18T14:20:03","guid":{"rendered":"https:\/\/lobetalarbeit.de\/kindergarten-und-schule\/"},"modified":"2023-05-02T11:50:02","modified_gmt":"2023-05-02T09:50:02","slug":"kindergarten-und-schule","status":"publish","type":"page","link":"https:\/\/lobetalarbeit.de\/ls-ls\/kindergarten-und-schule\/","title":{"rendered":"Kindertagesst\u00e4tten und Schule"},"content":{"rendered":"<p>[et_pb_section fb_built=&#8221;1&#8243; fullwidth=&#8221;on&#8221; _builder_version=&#8221;4.16&#8243; _module_preset=&#8221;default&#8221; global_colors_info=&#8221;{}&#8221;][et_pb_fullwidth_header title=&#8221;Kindertagesst\u00e4tten und Schule&#8221; text_orientation=&#8221;center&#8221; _builder_version=&#8221;4.16&#8243; _module_preset=&#8221;default&#8221; title_font=&#8221;||||||||&#8221; title_text_align=&#8221;right&#8221; title_font_size=&#8221;38px&#8221; background_image=&#8221;https:\/\/lobetalarbeit.de\/wp-content\/uploads\/2021\/07\/Kindergarten-und-Schule-1.jpg&#8221; min_height=&#8221;290px&#8221; text_shadow_style=&#8221;preset3&#8243; global_colors_info=&#8221;{}&#8221; background_overlay_color__hover_enabled=&#8221;off|desktop&#8221;][\/et_pb_fullwidth_header][\/et_pb_section][et_pb_section fb_built=&#8221;1&#8243; module_id=&#8221;kindergarten-celle&#8221; _builder_version=&#8221;4.16&#8243; _module_preset=&#8221;default&#8221; global_colors_info=&#8221;{}&#8221;][et_pb_row _builder_version=&#8221;4.16&#8243; _module_preset=&#8221;default&#8221; global_colors_info=&#8221;{}&#8221;][et_pb_column type=&#8221;4_4&#8243; _builder_version=&#8221;4.16&#8243; _module_preset=&#8221;default&#8221; global_colors_info=&#8221;{}&#8221;][et_pb_text _builder_version=&#8221;4.20.2&#8243; _module_preset=&#8221;default&#8221; background_color=&#8221;RGBA(0,0,0,0)&#8221; global_colors_info=&#8221;{}&#8221;]<\/p>\n<h1 style=\"text-align: left;\"><strong>Kinder-tages-st\u00e4tte Celle<br \/><\/strong><\/h1>\n<p>[\/et_pb_text][\/et_pb_column][\/et_pb_row][et_pb_row _builder_version=&#8221;4.16&#8243; _module_preset=&#8221;default&#8221; global_colors_info=&#8221;{}&#8221;][et_pb_column type=&#8221;4_4&#8243; _builder_version=&#8221;4.16&#8243; _module_preset=&#8221;default&#8221; global_colors_info=&#8221;{}&#8221;][et_pb_blurb image=&#8221;https:\/\/lobetalarbeit.de\/wp-content\/uploads\/2021\/08\/Kindergarten.jpg&#8221; content_max_width=&#8221;661px&#8221; _builder_version=&#8221;4.20.2&#8243; _module_preset=&#8221;default&#8221; module_alignment=&#8221;center&#8221; border_radii_image=&#8221;on|20px|20px|20px|20px&#8221; global_colors_info=&#8221;{}&#8221;][\/et_pb_blurb][\/et_pb_column][\/et_pb_row][et_pb_row column_structure=&#8221;1_2,1_2&#8243; _builder_version=&#8221;4.16&#8243; _module_preset=&#8221;default&#8221; global_colors_info=&#8221;{}&#8221;][et_pb_column type=&#8221;1_2&#8243; _builder_version=&#8221;4.16&#8243; _module_preset=&#8221;default&#8221; global_colors_info=&#8221;{}&#8221;][et_pb_blurb content_max_width=&#8221;100%&#8221; _builder_version=&#8221;4.20.2&#8243; _module_preset=&#8221;default&#8221; body_font=&#8221;|600|||||||&#8221; body_font_size=&#8221;19px&#8221; global_colors_info=&#8221;{}&#8221;]<\/p>\n<h2><strong>Das sind wir!<\/strong><\/h2>\n<p>Die Kinder-Tages-st\u00e4tte der Lobetal-arbeit<br \/>ist eine evange-lische Kinder-Tages-St\u00e4tte.<\/p>\n<p>Sie ist auf dem Haupt-Gel\u00e4nde der Lobetal-Arbeit.<\/p>\n<p>In Celle, im Orts-Teil Wietzen-bruch.<\/p>\n<p>Wir haben einen Kinder-Garten<br \/>und eine Krippe.<\/p>\n<p>Wir haben ins-gesamt 6 Gruppen:<\/p>\n<p>Eine Gruppe ist eine inte-gra-tive Gruppe.<\/p>\n<p>Das bedeutet:<\/p>\n<p>Kinder mit einer Behin-derung und<br \/>Kinder ohne eine Behin-derung sind in einer Gruppe.<\/p>\n<p>[\/et_pb_blurb][\/et_pb_column][et_pb_column type=&#8221;1_2&#8243; _builder_version=&#8221;4.16&#8243; _module_preset=&#8221;default&#8221; global_colors_info=&#8221;{}&#8221;][et_pb_text _builder_version=&#8221;4.20.2&#8243; _module_preset=&#8221;default&#8221; text_font=&#8221;|600|||||||&#8221; text_font_size=&#8221;19px&#8221; global_colors_info=&#8221;{}&#8221;]<\/p>\n<p>Zwei Gruppen sind Natur- und Bewe-gungs-Gruppen<br \/>auf unserem Abenteuer-Spiel-Platz.<\/p>\n<p>Eine Ganz-Tags-Gruppe<br \/>Eine Halb-Tags-Gruppe und<br \/>Eine Krippen-Gruppe (ganz-tags)<\/p>\n<p>Die Kinder werden von 20 Fach-Kr\u00e4ften betreut,<br \/>zum Beispiel Erzieher*innen.<\/p>\n<p>11 Fach-Kr\u00e4fte haben eine Zusatz-Ausbildung<br \/>in Psycho-Motorik.<\/p>\n<p>Psycho-Motorik ist wichtig f\u00fcr die Kinder.<\/p>\n<p>Sie lernen durch und mit Bewegung.<\/p>\n<p>Psycho-Motorik ist gut f\u00fcr den K\u00f6rper<br \/>und f\u00fcr die Psyche.<\/p>\n<p>[\/et_pb_text][\/et_pb_column][\/et_pb_row][et_pb_row column_structure=&#8221;1_2,1_2&#8243; _builder_version=&#8221;4.16&#8243; _module_preset=&#8221;default&#8221; global_colors_info=&#8221;{}&#8221;][et_pb_column type=&#8221;1_2&#8243; _builder_version=&#8221;4.16&#8243; _module_preset=&#8221;default&#8221; global_colors_info=&#8221;{}&#8221;][et_pb_image src=&#8221;https:\/\/lobetalarbeit.de\/wp-content\/uploads\/2021\/07\/Kiga-Homepage-11-von-13.jpg&#8221; title_text=&#8221;Kiga Homepage (11 von 13)&#8221; _builder_version=&#8221;4.16&#8243; _module_preset=&#8221;default&#8221; border_radii=&#8221;on|20px|20px|20px|20px&#8221; global_colors_info=&#8221;{}&#8221;][\/et_pb_image][\/et_pb_column][et_pb_column type=&#8221;1_2&#8243; _builder_version=&#8221;4.16&#8243; _module_preset=&#8221;default&#8221; global_colors_info=&#8221;{}&#8221;][et_pb_text _builder_version=&#8221;4.20.2&#8243; _module_preset=&#8221;default&#8221; text_font=&#8221;|600|||||||&#8221; text_font_size=&#8221;19px&#8221; border_radii=&#8221;on|7px|7px|7px|7px&#8221; border_width_all=&#8221;1px&#8221; global_colors_info=&#8221;{}&#8221;]<\/p>\n<p>Jedes Kind ist uns wichtig.<\/p>\n<p>Mit dem, was es braucht.<\/p>\n<p>Die Kinder ent-scheiden kleine Dinge selbst.<\/p>\n<p>Das lernen sie.<\/p>\n<p>Die Kinder haben Zeit und Platz<\/p>\n<p>zum freien Spielen.<\/p>\n<p>&nbsp;<\/p>\n<p>[\/et_pb_text][\/et_pb_column][\/et_pb_row][et_pb_row column_structure=&#8221;1_2,1_2&#8243; _builder_version=&#8221;4.16&#8243; _module_preset=&#8221;default&#8221; global_colors_info=&#8221;{}&#8221;][et_pb_column type=&#8221;1_2&#8243; _builder_version=&#8221;4.16&#8243; _module_preset=&#8221;default&#8221; global_colors_info=&#8221;{}&#8221;][et_pb_blurb icon_alignment=&#8221;right&#8221; content_max_width=&#8221;100%&#8221; _builder_version=&#8221;4.20.2&#8243; _module_preset=&#8221;default&#8221; body_font=&#8221;|600|||||||&#8221; body_font_size=&#8221;19px&#8221; global_colors_info=&#8221;{}&#8221;]<\/p>\n<h2><strong>Das machen wir!<\/strong><\/h2>\n<p>In unseren R\u00e4umen ist viel Platz.<\/p>\n<p>Die Kinder k\u00f6nnen sich viel bewegen und spielen.<\/p>\n<p>Die Gruppen benutzen jede Woche<br \/>die Turn-Halle in der Tages-bildungs-st\u00e4tte.<\/p>\n<p>Die ist gleich neben-an.<\/p>\n<p>In der Turn-Halle k\u00f6nnen die Kinder sich aus-toben.<\/p>\n<p>Wir haben auch ein tolles Au\u00dfen-Gel\u00e4nde.<\/p>\n<p>Zum Spielen, zum Toben und Rennen.<\/p>\n<p>[\/et_pb_blurb][\/et_pb_column][et_pb_column type=&#8221;1_2&#8243; _builder_version=&#8221;4.16&#8243; _module_preset=&#8221;default&#8221; global_colors_info=&#8221;{}&#8221;][et_pb_text _builder_version=&#8221;4.20.2&#8243; _module_preset=&#8221;default&#8221; text_font=&#8221;|600|||||||&#8221; text_font_size=&#8221;19px&#8221; global_colors_info=&#8221;{}&#8221;]<\/p>\n<p>Wir machen kleine Ex-kur-sionen mit den Kindern.<\/p>\n<p>Das sind Lern-Ausfl\u00fcge.<\/p>\n<p>Die Kinder lernen und haben Spa\u00df drau\u00dfen.<\/p>\n<p>Jedes Kind ist uns wichtig.<\/p>\n<p>Mit dem, was es braucht.<\/p>\n<p>Die Kinder ent-scheiden kleine Dinge selbst.<\/p>\n<p>Das lernen sie.<\/p>\n<p>Die Kinder haben Zeit und Platz<br \/>zum freien Spielen.<\/p>\n<p>[\/et_pb_text][\/et_pb_column][\/et_pb_row][et_pb_row _builder_version=&#8221;4.16&#8243; _module_preset=&#8221;default&#8221; global_colors_info=&#8221;{}&#8221;][et_pb_column type=&#8221;4_4&#8243; _builder_version=&#8221;4.16&#8243; _module_preset=&#8221;default&#8221; global_colors_info=&#8221;{}&#8221;][et_pb_text _builder_version=&#8221;4.16&#8243; _module_preset=&#8221;default&#8221; global_colors_info=&#8221;{}&#8221;]<\/p>\n<h1>\u00d6ffnungszeiten &amp; Anmeldung<\/h1>\n<p>[\/et_pb_text][\/et_pb_column][\/et_pb_row][et_pb_row column_structure=&#8221;1_3,1_3,1_3&#8243; _builder_version=&#8221;4.16&#8243; _module_preset=&#8221;default&#8221; global_colors_info=&#8221;{}&#8221;][et_pb_column type=&#8221;1_3&#8243; _builder_version=&#8221;4.16&#8243; _module_preset=&#8221;default&#8221; global_colors_info=&#8221;{}&#8221;][et_pb_team_member name=&#8221;Hilke Scheidel &#8221; position=&#8221;Kindertagesst\u00e4tte  Celle&#8221; image_url=&#8221;https:\/\/lobetalarbeit.de\/wp-content\/uploads\/2021\/07\/Hilke-Scheidel.png&#8221; _builder_version=&#8221;4.16&#8243; _module_preset=&#8221;default&#8221; custom_css_main_element=&#8221;display: flex;&#8221; custom_css_member_image=&#8221;max-width: 150px;||margin-right: 15px;&#8221; border_radii_image=&#8221;on|35%|35%|35%|35%&#8221; global_colors_info=&#8221;{}&#8221;]<\/p>\n<p>Fuhrberger Str. 219<br \/>29225 Celle<\/p>\n<p>Tel. 05141 401-354<br \/><a href=\"mailto:h.scheidel@lobetalarbeit.de\">h.scheidel@lobetalarbeit.de<\/a><\/p>\n<p>[\/et_pb_team_member][\/et_pb_column][et_pb_column type=&#8221;1_3&#8243; _builder_version=&#8221;4.16&#8243; _module_preset=&#8221;default&#8221; global_colors_info=&#8221;{}&#8221;][et_pb_team_member name=&#8221;Wiebke L\u00fcbberstedt&#8221; position=&#8221;Kindertagesst\u00e4tte St\u00fcbeckshorn &#8221; image_url=&#8221;https:\/\/lobetalarbeit.de\/wp-content\/uploads\/2021\/07\/Wiebke-Kleinschmidt-1.png&#8221; _builder_version=&#8221;4.16&#8243; _module_preset=&#8221;default&#8221; custom_css_main_element=&#8221;display: flex;&#8221; custom_css_member_image=&#8221;max-width: 150px;||margin-right: 15px;&#8221; border_radii_image=&#8221;on|20%|20%|20%|20%&#8221; global_colors_info=&#8221;{}&#8221;]<\/p>\n<p>St\u00fcbeckshorn 5<br \/>29641 Soltau<\/p>\n<p>Tel. 05190 88-134<br \/><a class=\"mail\" title=\"Opens window for sending email\" href=\"mailto:r.kliemann@lobetalarbeit.de\">w.l\u00fcbberstedt@lobetalarbeit.de<\/a><\/p>\n<p>[\/et_pb_team_member][\/et_pb_column][et_pb_column type=&#8221;1_3&#8243; _builder_version=&#8221;4.16&#8243; _module_preset=&#8221;default&#8221; global_colors_info=&#8221;{}&#8221;][et_pb_image src=&#8221;https:\/\/lobetalarbeit.de\/wp-content\/uploads\/2021\/11\/Plakat-Fortbildungsreihe-zur-Sprachkraft-scaled.jpg&#8221; title_text=&#8221;Plakat Fortbildungsreihe zur Sprachkraft&#8221; _builder_version=&#8221;4.16&#8243; _module_preset=&#8221;default&#8221; global_colors_info=&#8221;{}&#8221;][\/et_pb_image][\/et_pb_column][\/et_pb_row][et_pb_row column_structure=&#8221;3_5,2_5&#8243; _builder_version=&#8221;4.16&#8243; _module_preset=&#8221;default&#8221; global_colors_info=&#8221;{}&#8221;][et_pb_column type=&#8221;3_5&#8243; _builder_version=&#8221;4.16&#8243; _module_preset=&#8221;default&#8221; global_colors_info=&#8221;{}&#8221;][et_pb_text _builder_version=&#8221;4.20.2&#8243; _module_preset=&#8221;default&#8221; global_colors_info=&#8221;{}&#8221;]<\/p>\n<p>Die Kinder im Kinder-Garten sind zwischen 3 und 6 Jahre alt.<\/p>\n<p>In die Krippe k\u00f6nnen die Kinder kommen, wenn sie 8 Wochen alt sind.<\/p>\n<p><strong>Die Kindertagesst\u00e4tte hat folgende \u00d6ffnungszeiten:<\/strong><\/p>\n<ul>\n<li>Integrative Vormittagsgruppe (18 Kinder) von 8:00 \u2013 13:00 Uhr<\/li>\n<li>Natur- und Bewegungsgruppe (15 Kinder) von 8:00 \u2013 12:00 Uhr<\/li>\n<li>Nachmittagsgruppe (25 Kinder) von 13:00 \u2013 17:00 Uhr<\/li>\n<li>Ganztagsgruppe (25 Kinder) von 8:00 \u2013 16:00 Uhr<\/li>\n<li>Krippe (12 Kinder) \u2013 von 8:00 \u2013 16:00 Uhr<\/li>\n<\/ul>\n<p><strong>Erg\u00e4nzend dazu werden f\u00fcr berufst\u00e4tige Eltern folgende Sonder\u00f6ffnungszeiten angeboten:<\/strong><\/p>\n<ul>\n<li>Sonder\u00f6ffnung morgens von 6:45 \u2013 8:00 Uhr<\/li>\n<li>Sonder\u00f6ffnung morgens von 7:30 \u2013 8:00 Uhr<\/li>\n<li>Sonder\u00f6ffnung mittags von 12:00 \u2013 13:00 Uhr<\/li>\n<li>Sonder\u00f6ffnung sp\u00e4t von 16:00 \u2013 16:30 Uhr<\/li>\n<\/ul>\n<p>Das Anmeldeverfahren l\u00e4uft ausschlie\u00dflich \u00fcber das Portal der Stadt Celle. Dies finden Sie unter folgendem Link:<\/p>\n<p><a href=\"https:\/\/celler-kitas.de\/de\/\">https:\/\/celler-kitas.de\/de\/<\/a><\/p>\n<p>&nbsp;<\/p>\n<p>[\/et_pb_text][\/et_pb_column][et_pb_column type=&#8221;2_5&#8243; _builder_version=&#8221;4.16&#8243; _module_preset=&#8221;default&#8221; global_colors_info=&#8221;{}&#8221;][et_pb_image src=&#8221;https:\/\/lobetalarbeit.de\/wp-content\/uploads\/2021\/07\/Kiga-Homepage-12-von-13-scaled.jpg&#8221; title_text=&#8221;Kiga Homepage (12 von 13)&#8221; _builder_version=&#8221;4.16&#8243; _module_preset=&#8221;default&#8221; border_radii=&#8221;on|20px|20px|20px|20px&#8221; global_colors_info=&#8221;{}&#8221;][\/et_pb_image][et_pb_toggle title=&#8221;Hier finden Sie verschiedene Informationen zum Download:&#8221; open=&#8221;on&#8221; _builder_version=&#8221;4.16&#8243; _module_preset=&#8221;default&#8221; global_colors_info=&#8221;{}&#8221;]<\/p>\n<ul>\n<li><a href=\"https:\/\/lobetalarbeit.de\/wp-content\/uploads\/2021\/07\/Allgemeine-Vertragsbedingungen-Lobetalarbeit-CE-ab-08-2021.docx.pdf\">Allgemeine Vertragsbedingungen der Lobetalarbeit Celle<\/a><\/li>\n<li><a href=\"https:\/\/lobetalarbeit.de\/wp-content\/uploads\/2021\/07\/Beschaeftigungsnachweis.pdf\">Bescheinigung des Arbeitgebers \u00fcber ein Arbeitsverh\u00e4ltnis<\/a><\/li>\n<li><a href=\"https:\/\/lobetalarbeit.de\/wp-content\/uploads\/2021\/07\/Entgeltordnung-Lobetal-Kita-CE-2021-2022.pdf\">Information \u00fcber Kosten und Zusch\u00fcsse<\/a><\/li>\n<li><a href=\"https:\/\/lobetalarbeit.de\/wp-content\/uploads\/2021\/07\/Datenschutzhinweise_KITA_Lobetalarbeit_e.V_.pdf\">Datenschutzhinweise<\/a><\/li>\n<\/ul>\n<p>[\/et_pb_toggle][\/et_pb_column][\/et_pb_row][et_pb_row module_id=&#8221;psychomotorische-kita&#8221; _builder_version=&#8221;4.16&#8243; _module_preset=&#8221;default&#8221; global_colors_info=&#8221;{}&#8221;][et_pb_column type=&#8221;4_4&#8243; _builder_version=&#8221;4.16&#8243; _module_preset=&#8221;default&#8221; global_colors_info=&#8221;{}&#8221;][et_pb_text _builder_version=&#8221;4.16&#8243; _module_preset=&#8221;default&#8221; global_colors_info=&#8221;{}&#8221;]<\/p>\n<h1 style=\"text-align: left;\"><strong>Psychomotorische Kindertagesst\u00e4tte<\/strong><\/h1>\n<p>[\/et_pb_text][\/et_pb_column][\/et_pb_row][et_pb_row column_structure=&#8221;3_5,2_5&#8243; _builder_version=&#8221;4.16&#8243; _module_preset=&#8221;default&#8221; global_colors_info=&#8221;{}&#8221;][et_pb_column type=&#8221;3_5&#8243; _builder_version=&#8221;4.16&#8243; _module_preset=&#8221;default&#8221; global_colors_info=&#8221;{}&#8221;][et_pb_video src=&#8221;https:\/\/www.youtube.com\/watch?v=7X7xg4L_KwU&#8221; thumbnail_overlay_color=&#8221;rgba(0,0,0,0.6)&#8221; _builder_version=&#8221;4.16&#8243; _module_preset=&#8221;default&#8221; global_colors_info=&#8221;{}&#8221;][\/et_pb_video][\/et_pb_column][et_pb_column type=&#8221;2_5&#8243; _builder_version=&#8221;4.16&#8243; _module_preset=&#8221;default&#8221; global_colors_info=&#8221;{}&#8221;][et_pb_text _builder_version=&#8221;4.20.2&#8243; _module_preset=&#8221;default&#8221; global_colors_info=&#8221;{}&#8221;]<\/p>\n<p>Wir wollen die Psychomotorik und ihre Bedeutung in der kindlichen Entwicklung nach au\u00dfen bekannt und zug\u00e4nglich machen. Die Psychomotorik bietet Kindern gute M\u00f6glichkeiten, zu lernen, zu erleben, zu erfahren und eine starke Pers\u00f6nlichkeit zu entwickeln. Es wird den Kindern Raum geboten, sich in ihrem eigenen Tempo zu entwickeln.<\/p>\n<p>Kinder m\u00fcssen bereits von Geburt an als ein aktives Wesen gesehen werden, dem von Anfang an mit Respekt und Achtung begegnet werden muss. Kinder sind Konstrukteure ihrer eigenen Entwicklung. Wir f\u00f6rdern sie ganzheitlich.<\/p>\n<p>Ebenfalls ist uns eine enge Zusammenarbeit mit den Eltern auf Augenh\u00f6he sehr wichtig.<\/p>\n<p>Psychomotorik beschreibt die Verbindung von Psyche und Motorik. Bei Kindern sind Emotionen eng verbunden mit Bewegung. Sie wird gepr\u00e4gt von unserer Haltung zum Kind und von der Haltung der Kinder untereinander.<\/p>\n<p>Seit September 2019 sind wir als Psychomotorische Kindertagesst\u00e4tte zertifiziert worden mit 11 in Psychomotorik qualifizierten Mitarbeiter*innen.<\/p>\n<p><a href=\"https:\/\/celler-presse.de\/2019\/12\/17\/lernen-mit-allen-sinnen-lobetaler-kindergarten-zertifiziert\/\">https:\/\/celler-presse.de\/2019\/12\/17\/lernen-mit-allen-sinnen-lobetaler-kindergarten-zertifiziert\/<\/a><\/p>\n<p>[\/et_pb_text][\/et_pb_column][\/et_pb_row][\/et_pb_section][et_pb_section fb_built=&#8221;1&#8243; module_id=&#8221;kindergarten-stuebeckshorn&#8221; _builder_version=&#8221;4.16&#8243; _module_preset=&#8221;default&#8221; background_color=&#8221;#00457A&#8221; global_colors_info=&#8221;{}&#8221;][et_pb_row _builder_version=&#8221;4.16&#8243; _module_preset=&#8221;default&#8221; global_colors_info=&#8221;{}&#8221;][et_pb_column type=&#8221;4_4&#8243; _builder_version=&#8221;4.16&#8243; _module_preset=&#8221;default&#8221; global_colors_info=&#8221;{}&#8221;][et_pb_text _builder_version=&#8221;4.16&#8243; _module_preset=&#8221;default&#8221; global_colors_info=&#8221;{}&#8221;]<\/p>\n<h1><span style=\"color: #ffffff;\">Kindertagesst\u00e4tte St\u00fcbeckshorn<\/span><\/h1>\n<p>[\/et_pb_text][et_pb_team_member name=&#8221;Wiebke L\u00fcbberstedt&#8221; position=&#8221;KiTa St\u00fcbeckshorn &#8221; image_url=&#8221;https:\/\/lobetalarbeit.de\/wp-content\/uploads\/2021\/07\/Wiebke-Kleinschmidt-1.png&#8221; _builder_version=&#8221;4.16&#8243; _module_preset=&#8221;default&#8221; header_text_color=&#8221;#FFFFFF&#8221; body_text_color=&#8221;#FFFFFF&#8221; position_text_color=&#8221;#FFFFFF&#8221; custom_css_main_element=&#8221;display: flex;&#8221; custom_css_member_image=&#8221;max-width: 150px;||margin-right: 15px;&#8221; border_radii_image=&#8221;on|20%|20%|20%|20%&#8221; global_colors_info=&#8221;{}&#8221;]<\/p>\n<p><span style=\"color: #ffffff;\">St\u00fcbeckshorn 5<\/span><br \/><span style=\"color: #ffffff;\">29641 Soltau<\/span><\/p>\n<p><span style=\"color: #ffffff;\">Tel. 05190 88-134<\/span><br \/><a class=\"mail\" title=\"Opens window for sending email\" href=\"mailto:r.kliemann@lobetalarbeit.de\">w.l\u00fcbberstedt@lobetalarbeit.de<\/a><\/p>\n<p>[\/et_pb_team_member][\/et_pb_column][\/et_pb_row][et_pb_row column_structure=&#8221;1_3,1_3,1_3&#8243; _builder_version=&#8221;4.16&#8243; _module_preset=&#8221;default&#8221; global_colors_info=&#8221;{}&#8221;][et_pb_column type=&#8221;1_3&#8243; _builder_version=&#8221;4.16&#8243; _module_preset=&#8221;default&#8221; global_colors_info=&#8221;{}&#8221;][et_pb_image src=&#8221;https:\/\/lobetalarbeit.de\/wp-content\/uploads\/2021\/07\/Kiga-Homepage-9-von-13.jpg&#8221; title_text=&#8221;Kiga Homepage (9 von 13)&#8221; _builder_version=&#8221;4.16&#8243; _module_preset=&#8221;default&#8221; border_radii=&#8221;on|20px|20px|20px|20px&#8221; global_colors_info=&#8221;{}&#8221;][\/et_pb_image][et_pb_text _builder_version=&#8221;4.20.2&#8243; _module_preset=&#8221;default&#8221; text_font=&#8221;|600|||||||&#8221; text_font_size=&#8221;19px&#8221; hover_enabled=&#8221;0&#8243; global_colors_info=&#8221;{}&#8221; sticky_enabled=&#8221;0&#8243;]<\/p>\n<h3><span style=\"color: #ffffff;\"><strong>\u00d6ffnungs-Zeiten der KiTa St\u00fcbeckshorn:<\/strong><\/span><\/h3>\n<p><span style=\"color: #ffffff;\">Die Kindertagesst\u00e4tte ist vor-mittags ge\u00f6ffnet.<\/span><\/p>\n<p><span style=\"color: #ffffff;\">Von 8:00 Uhr bis 13:00 Uhr.<\/span><\/p>\n<p><span style=\"color: #ffffff;\">Sonder\u00f6ffnungszeit morgens von 07:30 Uhr bis 08:00 Uhr<\/span><br \/><span style=\"color: #ffffff;\">Sonder\u00f6ffnungszeit mittags von 13:00 Uhr bis 14:00 Uhr<\/span><\/p>\n<p><span style=\"color: #ffffff;\">Ferienzeiten: In den letzten 3 vollen Wochen der Sommerferien und ca. 14 Tage in der Weihnachtszeit<\/span><span style=\"color: #ffffff;\"><\/span><\/p>\n<p><span style=\"color: #ffffff;\">\u00a0<\/span><\/p>\n<p>[\/et_pb_text][\/et_pb_column][et_pb_column type=&#8221;1_3&#8243; _builder_version=&#8221;4.16&#8243; _module_preset=&#8221;default&#8221; global_colors_info=&#8221;{}&#8221;][et_pb_text _builder_version=&#8221;4.20.2&#8243; _module_preset=&#8221;default&#8221; text_font=&#8221;|600|||||||&#8221; text_font_size=&#8221;19px&#8221; global_colors_info=&#8221;{}&#8221;]<\/p>\n<p><span style=\"color: #ffffff;\">Die Kinder-Tages-St\u00e4tte in St\u00fcbeckshorn<\/span><br \/><span style=\"color: #ffffff;\">hat Platz f\u00fcr 20 Kinder.<\/span><\/p>\n<p><span style=\"color: #ffffff;\">Kinder im Altern von 2 bis 6 Jahre.<\/span><\/p>\n<p><span style=\"color: #ffffff;\">Vielleicht braucht Ihr Kind be-sonders viel <\/span><br \/><span style=\"color: #ffffff;\">Betreuung und F\u00f6rderung?<\/span><\/p>\n<p><span style=\"color: #ffffff;\">Vielleicht hat Ihr Kind eine Be-hinderung?<\/span><\/p>\n<p><span style=\"color: #ffffff;\">Dann braucht Ihr Kind eine Einzel-Integration.<\/span><\/p>\n<p><span style=\"color: #ffffff;\">Auch das ist bei uns m\u00f6glich.<\/span><\/p>\n<p><span style=\"color: #ffffff;\">Ein wichtiges Element ist das freie Spielen. <\/span><\/p>\n<p><span style=\"color: #ffffff;\">Beim freien Spiel lernen die Kinder viel.<\/span><\/p>\n<p>[\/et_pb_text][\/et_pb_column][et_pb_column type=&#8221;1_3&#8243; _builder_version=&#8221;4.16&#8243; _module_preset=&#8221;default&#8221; global_colors_info=&#8221;{}&#8221;][et_pb_text _builder_version=&#8221;4.20.2&#8243; _module_preset=&#8221;default&#8221; text_font=&#8221;|600|||||||&#8221; text_font_size=&#8221;19px&#8221; global_colors_info=&#8221;{}&#8221;]<\/p>\n<p><span style=\"color: #ffffff;\">Die Fach-Kr\u00e4fte be-obachten und be-gleiten<\/span><br \/><span style=\"color: #ffffff;\">die Kinder bei ihrem Spiel.<\/span><\/p>\n<p><span style=\"color: #ffffff;\">Die Kinder-Tages-St\u00e4tte liegt am Waldrand.<\/span><\/p>\n<p><span style=\"color: #ffffff;\">Die Kinder spielen und lernen viel in der freien Natur.<\/span><\/p>\n<p><span style=\"color: #ffffff;\">Aber die Kinder nutzen auch <\/span><br \/><span style=\"color: #ffffff;\">andere R\u00e4ume und Spiel-Ger\u00e4te <\/span><br \/><span style=\"color: #ffffff;\">auf dem Ge-l\u00e4nde in St\u00fcbecks-horn.<\/span><\/p>\n<p><span style=\"color: #ffffff;\">Zum Beispiel:<\/span><br \/><span style=\"color: #ffffff;\">&#8211; die Schwimm-Halle,<\/span><br \/><span style=\"color: #ffffff;\">&#8211; die Turn-Halle <\/span><br \/><span style=\"color: #ffffff;\">&#8211; das Begegnungs-Zentrum <\/span><br \/><span style=\"color: #ffffff;\">&#8211; Au\u00dfen-Spiel-Ger\u00e4te<\/span><br \/><span style=\"color: #ffffff;\">&#8211; Klang-Spiele<\/span><br \/><span style=\"color: #ffffff;\">&#8211; das Block-Haus <\/span><\/p>\n<p><span style=\"color: #ffffff;\">Die Kinder haben gemein-same<\/span><br \/><span style=\"color: #ffffff;\">Morgen-kreise und An-dachten.<\/span><\/p>\n<p>[\/et_pb_text][\/et_pb_column][\/et_pb_row][\/et_pb_section]<\/p>\n","protected":false},"excerpt":{"rendered":"<p>Kinder-tages-st\u00e4tte CelleDas sind wir! Die Kinder-Tages-st\u00e4tte der Lobetal-arbeitist eine evange-lische Kinder-Tages-St\u00e4tte. Sie ist auf dem Haupt-Gel\u00e4nde der Lobetal-Arbeit. In Celle, im Orts-Teil Wietzen-bruch. Wir haben einen Kinder-Gartenund eine Krippe. Wir haben ins-gesamt 6 Gruppen: Eine Gruppe ist eine inte-gra-tive Gruppe. Das bedeutet: Kinder mit einer Behin-derung undKinder ohne eine Behin-derung sind in einer Gruppe.Zwei Gruppen [&hellip;]<\/p>\n","protected":false},"author":2,"featured_media":0,"parent":0,"menu_order":0,"comment_status":"closed","ping_status":"closed","template":"","meta":{"_et_pb_use_builder":"on","_et_pb_old_content":"","_et_gb_content_width":"","footnotes":""},"class_list":["post-8474","page","type-page","status-publish","hentry"],"_links":{"self":[{"href":"https:\/\/lobetalarbeit.de\/ls-ls\/wp-json\/wp\/v2\/pages\/8474","targetHints":{"allow":["GET"]}}],"collection":[{"href":"https:\/\/lobetalarbeit.de\/ls-ls\/wp-json\/wp\/v2\/pages"}],"about":[{"href":"https:\/\/lobetalarbeit.de\/ls-ls\/wp-json\/wp\/v2\/types\/page"}],"author":[{"embeddable":true,"href":"https:\/\/lobetalarbeit.de\/ls-ls\/wp-json\/wp\/v2\/users\/2"}],"replies":[{"embeddable":true,"href":"https:\/\/lobetalarbeit.de\/ls-ls\/wp-json\/wp\/v2\/comments?post=8474"}],"version-history":[{"count":6,"href":"https:\/\/lobetalarbeit.de\/ls-ls\/wp-json\/wp\/v2\/pages\/8474\/revisions"}],"predecessor-version":[{"id":8485,"href":"https:\/\/lobetalarbeit.de\/ls-ls\/wp-json\/wp\/v2\/pages\/8474\/revisions\/8485"}],"wp:attachment":[{"href":"https:\/\/lobetalarbeit.de\/ls-ls\/wp-json\/wp\/v2\/media?parent=8474"}],"curies":[{"name":"wp","href":"https:\/\/api.w.org\/{rel}","templated":true}]}}